{"id":19,"date":"2020-09-30T15:27:17","date_gmt":"2020-09-30T15:27:17","guid":{"rendered":"https:\/\/odissimusic.co.in\/?page_id=19"},"modified":"2026-02-19T09:06:17","modified_gmt":"2026-02-19T03:36:17","slug":"home","status":"publish","type":"page","link":"https:\/\/odissimusic.co.in\/","title":{"rendered":"Odissi Music"},"content":{"rendered":"\n<div class=\"wp-block-coblocks-hero alignfull has-text-color has-palette-color-5-color coblocks-hero-02421221702\"><div class=\"wp-block-coblocks-hero__inner has-palette-color-4-background-color has-background hero-center-center-align has-padding has-huge-padding has-palette-color-4-background-color has-center-content\" style=\"min-height:300px\"><div class=\"wp-block-coblocks-hero__content-wrapper\"><div class=\"wp-block-coblocks-hero__content\" style=\"max-width:840px\">\n<h2 class=\"wp-block-heading alignwide has-palette-color-5-color has-text-color\">Search for songs, ragas, poets and more<\/h2>\n\n\n\n<p><meta charset=\"utf-8\">Use the yellow search icon (top right) to search through this extensive library of Odissi <em>prabandhas<\/em> (songs)<em>, ragas, talas, poets, kabyas<\/em> and more, including deep search inside the text of<em> <\/em>songs or even entire <em>kabya<\/em>s. You can search in Odia script as well. Or just click on one of the buttons below.<\/p>\n\n\n\n<div class=\"wp-block-buttons is-content-justification-center is-layout-flex wp-container-core-buttons-is-layout-a89b3969 wp-block-buttons-is-layout-flex\">\n<div class=\"wp-block-button is-style-circular\"><a class=\"wp-block-button__link has-palette-color-5-color has-palette-color-2-background-color has-text-color has-background wp-element-button\" href=\"https:\/\/odissimusic.co.in\/index.php\/kabya\/gitagobinda\/\">Gitagobinda<\/a><\/div>\n\n\n\n<div class=\"wp-block-button is-style-circular\"><a class=\"wp-block-button__link has-palette-color-5-color has-palette-color-2-background-color has-text-color has-background wp-element-button\" href=\"https:\/\/odissimusic.co.in\/index.php\/tag\/champu\/\">Champu<\/a><\/div>\n\n\n\n<div class=\"wp-block-button is-style-circular\"><a class=\"wp-block-button__link has-palette-color-5-color has-palette-color-6-background-color has-text-color has-background wp-element-button\" href=\"https:\/\/odissimusic.co.in\/index.php\/odissi-music-composers-kabis-poets\/\">Ragas<\/a><\/div>\n\n\n\n<div class=\"wp-block-button is-style-circular\"><a class=\"wp-block-button__link has-palette-color-5-color has-black-background-color has-text-color has-background wp-element-button\">Poets<\/a><\/div>\n<\/div>\n<\/div><\/div><\/div><\/div>\n\n\n\n<p class=\"has-black-color has-text-color\"><strong>Odissi Music<\/strong>&nbsp;(<em>o\u1e0di\u015b\u012b sang\u012bta<\/em> &#8211; \u0b13\u0b21\u0b3c\u0b3f\u0b36\u0b40 \u0b38\u0b19\u0b4d\u0b17\u0b40\u0b24) is an ancient genre of classical music in India, originated from the eastern state of&nbsp;Odisha. The traditional ritual music for the service of Lord&nbsp;Jagannatha, Odissi music has a history spanning over two thousand years, original&nbsp;<em>sangita-shastra<\/em>s or treatises, unique Ragas &amp; Talas and a distinctive style of rendition. The various subgenres of Odissi music include&nbsp;:&nbsp;<em>odissi (o\u1e0di\u015b\u012b), chh\u0101nda, champ\u016b, chauti\u015b<em>\u0101<\/em>, ja\u1e47\u0101<em>\u1e47<\/em>a, m\u0101la\u015br\u012b, bhajana, sarim\u0101na, jhul\u0101, ku\u1e0duka, koili, poi<\/em>&nbsp;and more. Presentation dynamics are classified into <em>r<em>\u0101<\/em>g<em>\u0101<\/em>nga<\/em>,&nbsp;<em>bh<em>\u0101<\/em>b<em>\u0101<\/em>nga, naty<em>\u0101<\/em>nga<\/em>,&nbsp;<em>dhrubapad<em>\u0101<\/em>nga<\/em>.<\/p>\n\n\n\n<p class=\"has-black-color has-text-color\">Eminent composers of the Odissi music tradition are the 12th-century poet&nbsp;<a href=\"https:\/\/odissimusic.co.in\/index.php\/poets\/kaviraja-jayadeva-kabiraja-jayadeba-gitagobinda-gitagovinda\/\" data-type=\"poets\" data-id=\"3163\"><em>Kabiraja <\/em>Jayadeva<\/a>, <a href=\"https:\/\/odissimusic.co.in\/index.php\/poets\/dinakrusna\/\" data-type=\"poets\" data-id=\"1144\">Dinakrusna<\/a>, <a href=\"https:\/\/odissimusic.co.in\/index.php\/poets\/upendra-bhanja\/\" data-type=\"poets\" data-id=\"687\">Upendra Bhanja<\/a>,&nbsp;<a href=\"https:\/\/odissimusic.co.in\/index.php\/poets\/banamali-dasa\/\" data-type=\"poets\" data-id=\"696\">Banamali<\/a>,&nbsp;<a href=\"https:\/\/odissimusic.co.in\/index.php\/poets\/kabisurjya-baladeba-ratha\/\" data-type=\"poets\" data-id=\"271\"><em>Kabisurjya<\/em>&nbsp;Baladeba<\/a>,&nbsp;<a href=\"https:\/\/odissimusic.co.in\/index.php\/poets\/gopalakrusna-pattanayaka\/\" data-type=\"poets\" data-id=\"583\">Gopalakrusna<\/a> and <a href=\"https:\/\/odissimusic.co.in\/index.php\/poets\/benudhara-pattanayaka\/\" data-type=\"poets\" data-id=\"706\">Benudhara<\/a>. Also featured are rare compositions by the foremost Gurus of the 20th-century, including <a href=\"https:\/\/odissimusic.co.in\/index.php\/guru\/tarini-charan-patra\/\" data-type=\"guru\" data-id=\"357\"><em>Acharya<\/em> Tarini Charan Patra<\/a>, <a href=\"https:\/\/odissimusic.co.in\/index.php\/poets\/banikantha-nimai-charan-harichandan\/\" data-type=\"poets\" data-id=\"2404\"><em>Banikantha<\/em> Nimai Harichandan<\/a> and <a href=\"https:\/\/odissimusic.co.in\/index.php\/poets\/singhari-shyamsundar-kar\/\" data-type=\"poets\" data-id=\"3275\"><span style=\"text-decoration: underline;\"><em>Desaraja<\/em><\/span> Singhari Shyamsundar Kar<\/a>.<\/p>\n\n\n\n<div class=\"wp-block-group is-layout-flow wp-block-group-is-layout-flow\">\n<div class=\"wp-block-columns is-layout-flex wp-container-core-columns-is-layout-28f84493 wp-block-columns-is-layout-flex\">\n<div class=\"wp-block-column is-layout-flow wp-block-column-is-layout-flow\">\n<p class=\"has-text-align-center has-medium-font-size\">Odissi Mardala<\/p>\n\n\n\n<figure class=\"wp-block-image aligncenter size-medium\"><img loading=\"lazy\" decoding=\"async\" width=\"300\" height=\"200\" src=\"https:\/\/odissimusic.co.in\/wp-content\/uploads\/2021\/07\/Odissi-Mardala-300x200.jpeg\" alt=\"\" class=\"wp-image-888\" srcset=\"https:\/\/odissimusic.co.in\/wp-content\/uploads\/2021\/07\/Odissi-Mardala-300x200.jpeg 300w, https:\/\/odissimusic.co.in\/wp-content\/uploads\/2021\/07\/Odissi-Mardala-1024x683.jpeg 1024w, https:\/\/odissimusic.co.in\/wp-content\/uploads\/2021\/07\/Odissi-Mardala-768x512.jpeg 768w, https:\/\/odissimusic.co.in\/wp-content\/uploads\/2021\/07\/Odissi-Mardala-1536x1024.jpeg 1536w, https:\/\/odissimusic.co.in\/wp-content\/uploads\/2021\/07\/Odissi-Mardala-2048x1366.jpeg 2048w\" sizes=\"auto, (max-width: 300px) 100vw, 300px\" \/><\/figure>\n\n\n\n<p>The <strong><em>Mardala<\/em><\/strong> is the primary percussion instrument of the Odissi music tradition. It has a unique construction, sound, repertoire and playing technique.<\/p>\n<\/div>\n<\/div>\n<\/div>\n\n\n\n<p><\/p>\n","protected":false},"excerpt":{"rendered":"<p>\u0b13\u0b21\u0b3c\u0b3f\u0b36\u0b40 \u0b38\u0b19\u0b4d\u0b17\u0b40\u0b24<\/p>\n","protected":false},"author":1,"featured_media":0,"parent":0,"menu_order":5,"comment_status":"closed","ping_status":"closed","template":"","meta":{"_coblocks_attr":"","_coblocks_dimensions":"{\"coblocks-hero-02421221702\":{\"padding\":{}}}","_coblocks_responsive_height":"{\"coblocks-hero-02421221702\":{\"height\":{\"height\":300}}}","_coblocks_accordion_ie_support":"","footnotes":""},"class_list":["post-19","page","type-page","status-publish","hentry"],"blocksy_meta":{"page_title_panel":"","has_hero_section":"enabled","8a7f6ab34d7adfabd326544ae07a95b4":"","hero_section":"type-2","hero_elements":[{"id":"custom_title","enabled":true,"heading_tag":"h1","title":"Home","__id":"byK73ywTIVxk1YC3SPVIR"},{"id":"custom_description","enabled":true,"description_visibility":{"desktop":true,"tablet":true,"mobile":true},"__id":"t1toqKLCMPEOpD1kAQX79","hero_item_spacing":{"desktop":"0","tablet":"0","mobile":"0","__changed":[]}},{"id":"custom_meta","enabled":false,"meta_elements":[{"id":"author","enabled":true,"label":"By","has_author_avatar":"yes","avatar_size":25},{"id":"post_date","enabled":true,"label":"On","date_format_source":"default","date_format":"M j, Y"},{"id":"comments","enabled":true}],"page_meta_elements":{"joined":true,"articles_count":true,"comments":true},"__id":"rPi1Nhr3PdN1MdZ5H_e8f"},{"id":"breadcrumbs","enabled":false,"__id":"BfIMYT72KscVI9EBKSKMe"}],"e5fc345a633f9f90a296a7686c264ed0":"","hero_alignment1":"left","hero_alignment2":"center","hero_vertical_alignment":"center","a9213bec45656142c85a245300720b2d":"","hero_structure":"normal","6bd89b98b7359555ea2b8d16ba8150e8":"","page_title_bg_type":"featured_image","custom_hero_background":{"attachment_id":null},"parallax":{"desktop":false,"tablet":false,"mobile":false},"2b3553ed3fe62f4472bc9a12b085c0d3":"","hero_height":"250px","pageTitleFont":{"family":"Default","variation":"Default","size":{"desktop":"32px","tablet":"30px","mobile":"25px"},"line-height":"CT_CSS_SKIP_RULE","letter-spacing":"CT_CSS_SKIP_RULE","text-transform":"CT_CSS_SKIP_RULE","text-decoration":"CT_CSS_SKIP_RULE"},"pageTitleFontColor":{"default":{"color":"CT_CSS_SKIP_RULEDEFAULT"}},"pageMetaFont":{"family":"Default","variation":"n6","size":"12px","line-height":"1.3","letter-spacing":"CT_CSS_SKIP_RULE","text-transform":"uppercase","text-decoration":"CT_CSS_SKIP_RULE"},"pageMetaFontColor":{"default":{"color":"CT_CSS_SKIP_RULEDEFAULT"},"hover":{"color":"CT_CSS_SKIP_RULEDEFAULT"}},"pageExcerptFont":{"family":"Default","variation":"Default","size":"CT_CSS_SKIP_RULE","line-height":"CT_CSS_SKIP_RULE","letter-spacing":"CT_CSS_SKIP_RULE","text-transform":"CT_CSS_SKIP_RULE","text-decoration":"CT_CSS_SKIP_RULE"},"pageExcerptColor":{"default":{"color":"CT_CSS_SKIP_RULEDEFAULT"}},"breadcrumbsFont":{"family":"Default","variation":"n6","size":"12px","line-height":"CT_CSS_SKIP_RULE","letter-spacing":"CT_CSS_SKIP_RULE","text-transform":"uppercase","text-decoration":"CT_CSS_SKIP_RULE"},"breadcrumbsFontColor":{"default":{"color":"CT_CSS_SKIP_RULEDEFAULT"},"initial":{"color":"CT_CSS_SKIP_RULEDEFAULT"},"hover":{"color":"CT_CSS_SKIP_RULEDEFAULT"}},"pageTitleOverlay":{"background_type":"color","background_pattern":"type-1","background_image":{"attachment_id":null,"x":0,"y":0},"gradient":"linear-gradient(135deg,rgba(6,147,227,1) 0%,rgb(155,81,224) 100%)","background_repeat":"repeat","background_size":"auto","background_attachment":"scroll","patternColor":{"default":{"color":"#e5e7ea"}},"overlayColor":{"default":{"color":"CT_CSS_SKIP_RULE"}},"backgroundColor":{"default":{"color":"CT_CSS_SKIP_RULE"}},"default":{"color":"CT_CSS_SKIP_RULE"}},"pageTitleBackground":{"background_type":"color","background_pattern":"type-1","background_image":{"attachment_id":null,"x":0,"y":0},"gradient":"linear-gradient(135deg,rgba(6,147,227,1) 0%,rgb(155,81,224) 100%)","background_repeat":"no-repeat","background_size":"auto","background_attachment":"scroll","patternColor":{"default":{"color":"#e5e7ea"}},"overlayColor":{"default":{"color":"CT_CSS_SKIP_RULE"}},"backgroundColor":{"default":{"color":"#EDEFF2"}}},"f958c23320e739a3d65750af4dde532c":"","page_structure_type":"default","content_style":"inherit","vertical_spacing_source":"inherit","content_area_spacing":"both","background":{"background_type":"color","background_pattern":"type-1","background_image":{"attachment_id":null,"x":0,"y":0},"gradient":"linear-gradient(135deg,rgba(6,147,227,1) 0%,rgb(155,81,224) 100%)","background_repeat":"no-repeat","background_size":"auto","background_attachment":"scroll","patternColor":{"default":{"color":"#e5e7ea"}},"overlayColor":{"default":{"color":"CT_CSS_SKIP_RULE"}},"backgroundColor":{"default":{"color":"CT_CSS_SKIP_RULE"}}},"content_background":{"background_type":"color","background_pattern":"type-1","background_image":{"attachment_id":null,"x":0,"y":0},"gradient":"linear-gradient(135deg,rgba(6,147,227,1) 0%,rgb(155,81,224) 100%)","background_repeat":"no-repeat","background_size":"auto","background_attachment":"scroll","patternColor":{"default":{"color":"#e5e7ea"}},"overlayColor":{"default":{"color":"CT_CSS_SKIP_RULE"}},"backgroundColor":{"default":{"color":"#ffffff"}}},"content_boxed_shadow":{"inherit":false,"blur":18,"spread":-6,"v_offset":12,"h_offset":0,"inset":false,"enable":true,"color":{"color":"rgba(34, 56, 101, 0.04)"}},"boxed_content_spacing":{"desktop":{"top":"40px","bottom":"40px","left":"40px","right":"40px","linked":true},"tablet":{"top":"35px","bottom":"35px","left":"35px","right":"35px","linked":true},"mobile":{"top":"20px","bottom":"20px","left":"20px","right":"20px","linked":true}},"content_boxed_radius":{"top":"3px","bottom":"3px","left":"3px","right":"3px","linked":true},"8490d9025aa6179e7179584ad6caf62c":"","disable_featured_image":"no","disable_header":"no","disable_footer":"no","styles_descriptor":{"styles":{"desktop":"[data-prefix=\"single_page\"] .entry-header .page-title {--theme-font-size:32px;} [data-prefix=\"single_page\"] .entry-header .entry-meta {--theme-font-weight:600;--theme-text-transform:uppercase;--theme-font-size:12px;--theme-line-height:1.3;} [data-prefix=\"single_page\"] .hero-section[data-type=\"type-2\"] {background-color:#EDEFF2;background-image:none;--container-padding:50px 0;} [data-prefix=\"single_page\"] .hero-section .page-description {--itemSpacing:0px;}","tablet":"[data-prefix=\"single_page\"] .entry-header .page-title {--theme-font-size:30px;}","mobile":"[data-prefix=\"single_page\"] .entry-header .page-title {--theme-font-size:25px;} [data-prefix=\"single_page\"] .hero-section[data-type=\"type-2\"] {--container-padding:19px 0;}"},"google_fonts":{"Mukta":["n4","n6"]},"version":6},"1a42a68e62deacafbcc78d8692703e05":"","b24586ef2de4de71c79d56fb100fb673":"","hero_margin":40,"c766ab9d9d5cb9f1b60d67de6c33d074":"","c000224a716afaf3e4268f51aebdc73a":"","becd79cdb46ec9a6a9c6522a19da5509":"","d3ea553456799cba0ff7aaa09465833b":"","page_meta_button_type_font_colors":{"default":{"color":"CT_CSS_SKIP_RULEDEFAULT"},"hover":{"color":"CT_CSS_SKIP_RULEDEFAULT"}},"page_meta_button_type_background_colors":{"default":{"color":"CT_CSS_SKIP_RULEDEFAULT"},"hover":{"color":"CT_CSS_SKIP_RULEDEFAULT"}},"e9aaa70d1464086057aabca45d839b21":"","89b63b3f927bdb0bf3b428f86f149d2f":"","75c184b3808ee8eef825a1a1f6b685d3":"","74142290be8f82e1d21a7fb975739110":"","4cdaebf3321ac19bb603b7364fe46ba6":"","pageTitlePadding":{"top":"50px","bottom":"50px","left":"auto","right":"auto","linked":true,"desktop":{"top":"50px","bottom":"50px","left":"auto","right":"auto","linked":true},"tablet":{"top":"50px","bottom":"50px","left":"auto","right":"auto","linked":true},"mobile":{"top":"19px","bottom":"19px","left":"auto","right":"auto","linked":true},"__changed":["mobile"]},"5b7a80e7f3b53a4490c32c18eb0de405":"","24d41eed03768a39d86e58c2cbfc28f9":"","content_style_source":"inherit","259e91e26d9187b8a5c3973601427772":"","7ce02551ec8c274aaa336fc070bc4290":"","34443e9a8b5df68bd6169c3fe5523269":"","fb8ca5ead94dabd484962e621805a8c8":"","950937ad78546d2fdfaa46265fe994c9":"","9c4be79ae47ee120fac754d4b25241b3":"","2cba8c59299a7cde5ee78a39e1a29afb":"","e819debdb7b02cf1cf7a25dc45f3d682":"","ba92e8f9cbe7ab7a82261b78b3c32205":"","disable_share_box":"no","c4ced3c13f879643191143e4dcf96312":"","9e44541f27c764c33f4b5f2e601a994e":"","7f6368dd9860967fc4c7c9a3528e0026":"","f1cf2512ef7c973f52933bc6a61e9818":"","8c1678b5873ddf29c7b0ba46f397588c":"","367eb2a0a291745ad2f99d5e4eb8e6a8":"","0c23ea8641a60da46c21aec7fa229006":"","3e4e04b89871051e8e41c84f928cc16d":""},"_links":{"self":[{"href":"https:\/\/odissimusic.co.in\/index.php\/wp-json\/wp\/v2\/pages\/19","targetHints":{"allow":["GET"]}}],"collection":[{"href":"https:\/\/odissimusic.co.in\/index.php\/wp-json\/wp\/v2\/pages"}],"about":[{"href":"https:\/\/odissimusic.co.in\/index.php\/wp-json\/wp\/v2\/types\/page"}],"author":[{"embeddable":true,"href":"https:\/\/odissimusic.co.in\/index.php\/wp-json\/wp\/v2\/users\/1"}],"replies":[{"embeddable":true,"href":"https:\/\/odissimusic.co.in\/index.php\/wp-json\/wp\/v2\/comments?post=19"}],"version-history":[{"count":65,"href":"https:\/\/odissimusic.co.in\/index.php\/wp-json\/wp\/v2\/pages\/19\/revisions"}],"predecessor-version":[{"id":3304,"href":"https:\/\/odissimusic.co.in\/index.php\/wp-json\/wp\/v2\/pages\/19\/revisions\/3304"}],"wp:attachment":[{"href":"https:\/\/odissimusic.co.in\/index.php\/wp-json\/wp\/v2\/media?parent=19"}],"curies":[{"name":"wp","href":"https:\/\/api.w.org\/{rel}","templated":true}]}}